{"id":722,"date":"2022-12-28T14:02:26","date_gmt":"2022-12-28T14:02:26","guid":{"rendered":"https:\/\/proxicar.pl\/?page_id=722"},"modified":"2023-01-05T16:21:24","modified_gmt":"2023-01-05T16:21:24","slug":"uklad-hamulcowy","status":"publish","type":"page","link":"https:\/\/proxicar.pl\/index.php\/uklad-hamulcowy\/","title":{"rendered":"Uk\u0142ad hamulcowy"},"content":{"rendered":"\t\t<div data-elementor-type=\"wp-page\" data-elementor-id=\"722\" class=\"elementor elementor-722\">\n\t\t\t\t\t\t<section class=\"elementor-section elementor-top-section elementor-element elementor-element-31b3b270 elementor-section-height-min-height elementor-section-items-stretch elementor-section-content-middle elementor-section-full_width elementor-section-stretched elementor-section-height-default\" data-id=\"31b3b270\" data-element_type=\"section\" data-e-type=\"section\" data-settings=\"{&quot;background_background&quot;:&quot;classic&quot;,&quot;shape_divider_bottom&quot;:&quot;arrow&quot;,&quot;shape_divider_bottom_negative&quot;:&quot;yes&quot;,&quot;stretch_section&quot;:&quot;section-stretched&quot;}\">\n\t\t\t\t\t\t\t<div class=\"elementor-background-overlay\"><\/div>\n\t\t\t\t\t\t<div class=\"elementor-shape elementor-shape-bottom\" aria-hidden=\"true\" data-negative=\"true\">\n\t\t\t<svg xmlns=\"http:\/\/www.w3.org\/2000\/svg\" viewBox=\"0 0 700 10\" preserveAspectRatio=\"none\">\n\t<path class=\"elementor-shape-fill\" d=\"M360 0L350 9.9 340 0 0 0 0 10 700 10 700 0\"\/>\n<\/svg>\t\t<\/div>\n\t\t\t\t\t<div class=\"elementor-container elementor-column-gap-no\">\n\t\t\t\t\t<div class=\"elementor-column elementor-col-50 elementor-top-column elementor-element elementor-element-2480f21d\" data-id=\"2480f21d\" data-element_type=\"column\" data-e-type=\"column\">\n\t\t\t<div class=\"elementor-widget-wrap elementor-element-populated\">\n\t\t\t\t\t\t<div class=\"elementor-element elementor-element-3e347242 elementor-widget elementor-widget-heading\" data-id=\"3e347242\" data-element_type=\"widget\" data-e-type=\"widget\" data-widget_type=\"heading.default\">\n\t\t\t\t<div class=\"elementor-widget-container\">\n\t\t\t\t\t<h1 class=\"elementor-heading-title elementor-size-default\">Uk\u0142ad hamulcowy<\/h1>\t\t\t\t<\/div>\n\t\t\t\t<\/div>\n\t\t\t\t<div class=\"elementor-element elementor-element-16944a2a elementor-widget elementor-widget-text-editor\" data-id=\"16944a2a\" data-element_type=\"widget\" data-e-type=\"widget\" data-widget_type=\"text-editor.default\">\n\t\t\t\t<div class=\"elementor-widget-container\">\n\t\t\t\t\t\t\t\t\t<p>Wszystko czego potrzebujesz do bezpiecznej i pewnej jazdy swoim samochodem<\/p>\t\t\t\t\t\t\t\t<\/div>\n\t\t\t\t<\/div>\n\t\t\t\t\t<\/div>\n\t\t<\/div>\n\t\t\t\t<div class=\"elementor-column elementor-col-50 elementor-top-column elementor-element elementor-element-65307c4c\" data-id=\"65307c4c\" data-element_type=\"column\" data-e-type=\"column\">\n\t\t\t<div class=\"elementor-widget-wrap\">\n\t\t\t\t\t\t\t<\/div>\n\t\t<\/div>\n\t\t\t\t\t<\/div>\n\t\t<\/section>\n\t\t\t\t<section class=\"elementor-section elementor-top-section elementor-element elementor-element-5a414eba elementor-section-full_width elementor-section-content-middle elementor-reverse-tablet elementor-reverse-mobile elementor-section-height-default elementor-section-height-default\" data-id=\"5a414eba\" data-element_type=\"section\" data-e-type=\"section\">\n\t\t\t\t\t\t<div class=\"elementor-container elementor-column-gap-no\">\n\t\t\t\t\t<div class=\"elementor-column elementor-col-25 elementor-top-column elementor-element elementor-element-ff89b72\" data-id=\"ff89b72\" data-element_type=\"column\" data-e-type=\"column\">\n\t\t\t<div class=\"elementor-widget-wrap elementor-element-populated\">\n\t\t\t\t\t\t<div class=\"elementor-element elementor-element-3a8d351c elementor-widget elementor-widget-image\" data-id=\"3a8d351c\" data-element_type=\"widget\" data-e-type=\"widget\" data-widget_type=\"image.default\">\n\t\t\t\t<div class=\"elementor-widget-container\">\n\t\t\t\t\t\t\t\t\t\t\t\t\t\t\t<img fetchpriority=\"high\" decoding=\"async\" width=\"1000\" height=\"626\" src=\"https:\/\/proxicar.pl\/wp-content\/uploads\/2023\/01\/febi-bilstein-logo.png\" class=\"attachment-large size-large wp-image-956\" alt=\"\" srcset=\"https:\/\/proxicar.pl\/wp-content\/uploads\/2023\/01\/febi-bilstein-logo.png 1000w, https:\/\/proxicar.pl\/wp-content\/uploads\/2023\/01\/febi-bilstein-logo-300x188.png 300w, https:\/\/proxicar.pl\/wp-content\/uploads\/2023\/01\/febi-bilstein-logo-768x481.png 768w, https:\/\/proxicar.pl\/wp-content\/uploads\/2023\/01\/febi-bilstein-logo-600x376.png 600w\" sizes=\"(max-width: 1000px) 100vw, 1000px\" \/>\t\t\t\t\t\t\t\t\t\t\t\t\t\t\t<\/div>\n\t\t\t\t<\/div>\n\t\t\t\t<div class=\"elementor-element elementor-element-5484940b elementor-widget elementor-widget-image\" data-id=\"5484940b\" data-element_type=\"widget\" data-e-type=\"widget\" data-widget_type=\"image.default\">\n\t\t\t\t<div class=\"elementor-widget-container\">\n\t\t\t\t\t\t\t\t\t\t\t\t\t\t\t<img decoding=\"async\" width=\"960\" height=\"540\" src=\"https:\/\/proxicar.pl\/wp-content\/uploads\/2023\/01\/large.png\" class=\"attachment-full size-full wp-image-960\" alt=\"\" srcset=\"https:\/\/proxicar.pl\/wp-content\/uploads\/2023\/01\/large.png 960w, https:\/\/proxicar.pl\/wp-content\/uploads\/2023\/01\/large-300x169.png 300w, https:\/\/proxicar.pl\/wp-content\/uploads\/2023\/01\/large-768x432.png 768w, https:\/\/proxicar.pl\/wp-content\/uploads\/2023\/01\/large-600x338.png 600w\" sizes=\"(max-width: 960px) 100vw, 960px\" \/>\t\t\t\t\t\t\t\t\t\t\t\t\t\t\t<\/div>\n\t\t\t\t<\/div>\n\t\t\t\t\t<\/div>\n\t\t<\/div>\n\t\t\t\t<div class=\"elementor-column elementor-col-25 elementor-top-column elementor-element elementor-element-66446a29\" data-id=\"66446a29\" data-element_type=\"column\" data-e-type=\"column\">\n\t\t\t<div class=\"elementor-widget-wrap elementor-element-populated\">\n\t\t\t\t\t\t<div class=\"elementor-element elementor-element-73f3462a elementor-widget elementor-widget-image\" data-id=\"73f3462a\" data-element_type=\"widget\" data-e-type=\"widget\" data-widget_type=\"image.default\">\n\t\t\t\t<div class=\"elementor-widget-container\">\n\t\t\t\t\t\t\t\t\t\t\t\t\t\t\t<img decoding=\"async\" width=\"329\" height=\"214\" src=\"https:\/\/proxicar.pl\/wp-content\/uploads\/2023\/01\/logo_ate.png\" class=\"attachment-full size-full wp-image-945\" alt=\"\" srcset=\"https:\/\/proxicar.pl\/wp-content\/uploads\/2023\/01\/logo_ate.png 329w, https:\/\/proxicar.pl\/wp-content\/uploads\/2023\/01\/logo_ate-300x195.png 300w\" sizes=\"(max-width: 329px) 100vw, 329px\" \/>\t\t\t\t\t\t\t\t\t\t\t\t\t\t\t<\/div>\n\t\t\t\t<\/div>\n\t\t\t\t<div class=\"elementor-element elementor-element-6c26b04d elementor-widget elementor-widget-image\" data-id=\"6c26b04d\" data-element_type=\"widget\" data-e-type=\"widget\" data-widget_type=\"image.default\">\n\t\t\t\t<div class=\"elementor-widget-container\">\n\t\t\t\t\t\t\t\t\t\t\t\t\t\t\t<img loading=\"lazy\" decoding=\"async\" width=\"5000\" height=\"1783\" src=\"https:\/\/proxicar.pl\/wp-content\/uploads\/2023\/01\/Textar_logo.png\" class=\"attachment-full size-full wp-image-959\" alt=\"\" srcset=\"https:\/\/proxicar.pl\/wp-content\/uploads\/2023\/01\/Textar_logo.png 5000w, https:\/\/proxicar.pl\/wp-content\/uploads\/2023\/01\/Textar_logo-300x107.png 300w, https:\/\/proxicar.pl\/wp-content\/uploads\/2023\/01\/Textar_logo-1024x365.png 1024w, https:\/\/proxicar.pl\/wp-content\/uploads\/2023\/01\/Textar_logo-768x274.png 768w, https:\/\/proxicar.pl\/wp-content\/uploads\/2023\/01\/Textar_logo-1536x548.png 1536w, https:\/\/proxicar.pl\/wp-content\/uploads\/2023\/01\/Textar_logo-2048x730.png 2048w, https:\/\/proxicar.pl\/wp-content\/uploads\/2023\/01\/Textar_logo-600x214.png 600w\" sizes=\"(max-width: 5000px) 100vw, 5000px\" \/>\t\t\t\t\t\t\t\t\t\t\t\t\t\t\t<\/div>\n\t\t\t\t<\/div>\n\t\t\t\t\t<\/div>\n\t\t<\/div>\n\t\t\t\t<div class=\"elementor-column elementor-col-50 elementor-top-column elementor-element elementor-element-7b8fc5bb\" data-id=\"7b8fc5bb\" data-element_type=\"column\" data-e-type=\"column\">\n\t\t\t<div class=\"elementor-widget-wrap elementor-element-populated\">\n\t\t\t\t\t\t<div class=\"elementor-element elementor-element-8a084ba elementor-widget elementor-widget-heading\" data-id=\"8a084ba\" data-element_type=\"widget\" data-e-type=\"widget\" data-widget_type=\"heading.default\">\n\t\t\t\t<div class=\"elementor-widget-container\">\n\t\t\t\t\t<h3 class=\"elementor-heading-title elementor-size-default\">Najwi\u0119kszy wyb\u00f3r!<\/h3>\t\t\t\t<\/div>\n\t\t\t\t<\/div>\n\t\t\t\t<div class=\"elementor-element elementor-element-5b17367e elementor-widget elementor-widget-text-editor\" data-id=\"5b17367e\" data-element_type=\"widget\" data-e-type=\"widget\" data-widget_type=\"text-editor.default\">\n\t\t\t\t<div class=\"elementor-widget-container\">\n\t\t\t\t\t\t\t\t\t<p>Zadbaj o swoje bezpiecze\u0144stwo na drodze, maj\u0105c dost\u0119p do najwi\u0119kszej gamy produkt\u00f3w i cz\u0119\u015bci najwi\u0119kszych producent\u00f3w.<\/p>\t\t\t\t\t\t\t\t<\/div>\n\t\t\t\t<\/div>\n\t\t\t\t\t<\/div>\n\t\t<\/div>\n\t\t\t\t\t<\/div>\n\t\t<\/section>\n\t\t\t\t<section class=\"elementor-section elementor-top-section elementor-element elementor-element-33739494 elementor-section-full_width elementor-section-height-default elementor-section-height-default\" data-id=\"33739494\" data-element_type=\"section\" data-e-type=\"section\" id=\"next\">\n\t\t\t\t\t\t<div class=\"elementor-container elementor-column-gap-no\">\n\t\t\t\t\t<div class=\"elementor-column elementor-col-100 elementor-top-column elementor-element elementor-element-1f58aea5\" data-id=\"1f58aea5\" data-element_type=\"column\" data-e-type=\"column\">\n\t\t\t<div class=\"elementor-widget-wrap elementor-element-populated\">\n\t\t\t\t\t\t<div class=\"elementor-element elementor-element-66108b89 elementor-widget elementor-widget-heading\" data-id=\"66108b89\" data-element_type=\"widget\" data-e-type=\"widget\" data-widget_type=\"heading.default\">\n\t\t\t\t<div class=\"elementor-widget-container\">\n\t\t\t\t\t<h3 class=\"elementor-heading-title elementor-size-default\">Co u nas kupisz?<\/h3>\t\t\t\t<\/div>\n\t\t\t\t<\/div>\n\t\t\t\t<div class=\"elementor-element elementor-element-1c0852f4 elementor-widget elementor-widget-heading\" data-id=\"1c0852f4\" data-element_type=\"widget\" data-e-type=\"widget\" data-widget_type=\"heading.default\">\n\t\t\t\t<div class=\"elementor-widget-container\">\n\t\t\t\t\t<p class=\"elementor-heading-title elementor-size-default\">Posiadamy wszystkie mo\u017cliwe elementy Twojego uk\u0142adu hamulcowego!<\/p>\t\t\t\t<\/div>\n\t\t\t\t<\/div>\n\t\t\t\t<section class=\"elementor-section elementor-inner-section elementor-element elementor-element-74cadb52 elementor-section-full_width elementor-section-height-default elementor-section-height-default\" data-id=\"74cadb52\" data-element_type=\"section\" data-e-type=\"section\">\n\t\t\t\t\t\t<div class=\"elementor-container elementor-column-gap-no\">\n\t\t\t\t\t<div class=\"elementor-column elementor-col-25 elementor-inner-column elementor-element elementor-element-17a75f91\" data-id=\"17a75f91\" data-element_type=\"column\" data-e-type=\"column\">\n\t\t\t<div class=\"elementor-widget-wrap elementor-element-populated\">\n\t\t\t\t\t\t<div class=\"elementor-element elementor-element-5529bf08 elementor-position-top elementor-widget elementor-widget-image-box\" data-id=\"5529bf08\" data-element_type=\"widget\" data-e-type=\"widget\" data-widget_type=\"image-box.default\">\n\t\t\t\t<div class=\"elementor-widget-container\">\n\t\t\t\t\t<div class=\"elementor-image-box-wrapper\"><figure class=\"elementor-image-box-img\"><img decoding=\"async\" src=\"https:\/\/proxicar.pl\/wp-content\/uploads\/elementor\/thumbs\/tarcze_4-q07q4mknrdeft9tgqdk40la71k3e392p56xvlksl2k.jpg\" title=\"tarcze_4\" alt=\"tarcze_4\" class=\"elementor-animation-grow\" loading=\"lazy\" \/><\/figure><div class=\"elementor-image-box-content\"><h4 class=\"elementor-image-box-title\">Tarcze hamulcowe<\/h4><p class=\"elementor-image-box-description\">Wymian\u0119 tarcz hamulcowych zazwyczaj przeprowadza si\u0119 co druga lub trzeci\u0105 wymian\u0119 klock\u00f3w. <\/p><\/div><\/div>\t\t\t\t<\/div>\n\t\t\t\t<\/div>\n\t\t\t\t\t<\/div>\n\t\t<\/div>\n\t\t\t\t<div class=\"elementor-column elementor-col-25 elementor-inner-column elementor-element elementor-element-5adfdfe1\" data-id=\"5adfdfe1\" data-element_type=\"column\" data-e-type=\"column\">\n\t\t\t<div class=\"elementor-widget-wrap elementor-element-populated\">\n\t\t\t\t\t\t<div class=\"elementor-element elementor-element-4f287adf elementor-position-top elementor-widget elementor-widget-image-box\" data-id=\"4f287adf\" data-element_type=\"widget\" data-e-type=\"widget\" data-widget_type=\"image-box.default\">\n\t\t\t\t<div class=\"elementor-widget-container\">\n\t\t\t\t\t<div class=\"elementor-image-box-wrapper\"><figure class=\"elementor-image-box-img\"><img decoding=\"async\" src=\"https:\/\/proxicar.pl\/wp-content\/uploads\/elementor\/thumbs\/Klocki-q07qq7x6rcykisgbn7kksn4eb7nxwxsps2gfhes04s.png\" title=\"Klocki\" alt=\"Klocki\" class=\"elementor-animation-grow\" loading=\"lazy\" \/><\/figure><div class=\"elementor-image-box-content\"><h4 class=\"elementor-image-box-title\">Klocki hamulcowe<\/h4><p class=\"elementor-image-box-description\">Przy spokojnej je\u017adzie po mie\u015bcie klocki hamulcowe zaleca si\u0119 wymieni\u0107 co 30-50 tys. km.<\/p><\/div><\/div>\t\t\t\t<\/div>\n\t\t\t\t<\/div>\n\t\t\t\t\t<\/div>\n\t\t<\/div>\n\t\t\t\t<div class=\"elementor-column elementor-col-25 elementor-inner-column elementor-element elementor-element-7b3369c2\" data-id=\"7b3369c2\" data-element_type=\"column\" data-e-type=\"column\">\n\t\t\t<div class=\"elementor-widget-wrap elementor-element-populated\">\n\t\t\t\t\t\t<div class=\"elementor-element elementor-element-1acae275 elementor-position-top elementor-widget elementor-widget-image-box\" data-id=\"1acae275\" data-element_type=\"widget\" data-e-type=\"widget\" data-widget_type=\"image-box.default\">\n\t\t\t\t<div class=\"elementor-widget-container\">\n\t\t\t\t\t<div class=\"elementor-image-box-wrapper\"><figure class=\"elementor-image-box-img\"><img decoding=\"async\" src=\"https:\/\/proxicar.pl\/wp-content\/uploads\/elementor\/thumbs\/Szczeki-q07qv7gd0psc4b7jiv6bivtfrt31r4lg4r2659dt4c.png\" title=\"Szcz\u0119ki\" alt=\"Szcz\u0119ki\" class=\"elementor-animation-grow\" loading=\"lazy\" \/><\/figure><div class=\"elementor-image-box-content\"><h4 class=\"elementor-image-box-title\">Szcz\u0119ki<\/h4><p class=\"elementor-image-box-description\">W zwi\u0105zku z tym, \u017ce szcz\u0119ki wykonuj\u0105 ogromn\u0105 prac\u0119 i oddzia\u0142uje na nie bardzo wysoka temperatura, s\u0105 najszybciej zu\u017cywaj\u0105cym si\u0119 elementem hamulca b\u0119bnowego.<\/p><\/div><\/div>\t\t\t\t<\/div>\n\t\t\t\t<\/div>\n\t\t\t\t\t<\/div>\n\t\t<\/div>\n\t\t\t\t<div class=\"elementor-column elementor-col-25 elementor-inner-column elementor-element elementor-element-4ec4f62c\" data-id=\"4ec4f62c\" data-element_type=\"column\" data-e-type=\"column\">\n\t\t\t<div class=\"elementor-widget-wrap elementor-element-populated\">\n\t\t\t\t\t\t<div class=\"elementor-element elementor-element-56dbbfe4 elementor-position-top elementor-widget elementor-widget-image-box\" data-id=\"56dbbfe4\" data-element_type=\"widget\" data-e-type=\"widget\" data-widget_type=\"image-box.default\">\n\t\t\t\t<div class=\"elementor-widget-container\">\n\t\t\t\t\t<div class=\"elementor-image-box-wrapper\"><figure class=\"elementor-image-box-img\"><img decoding=\"async\" src=\"https:\/\/proxicar.pl\/wp-content\/uploads\/elementor\/thumbs\/Bebny-q07r39whoitxrthneuq1fcivbvbgtlmi8on7frf5po.png\" title=\"B\u0119bny\" alt=\"B\u0119bny\" class=\"elementor-animation-grow\" loading=\"lazy\" \/><\/figure><div class=\"elementor-image-box-content\"><h4 class=\"elementor-image-box-title\">B\u0119bny<\/h4><p class=\"elementor-image-box-description\">\u017bywotno\u015b\u0107 hamulc\u00f3w b\u0119bnowych jest znacznie wi\u0119ksza ni\u017c ich tarczowych odpowiednik\u00f3w i mo\u017cna j\u0105 \u015bmia\u0142o szacowa\u0107 nawet na 100 tysi\u0119cy kilometr\u00f3w.<\/p><\/div><\/div>\t\t\t\t<\/div>\n\t\t\t\t<\/div>\n\t\t\t\t\t<\/div>\n\t\t<\/div>\n\t\t\t\t\t<\/div>\n\t\t<\/section>\n\t\t\t\t\t<\/div>\n\t\t<\/div>\n\t\t\t\t\t<\/div>\n\t\t<\/section>\n\t\t\t\t<section class=\"elementor-section elementor-top-section elementor-element elementor-element-6ebb48d elementor-section-boxed elementor-section-height-default elementor-section-height-default\" data-id=\"6ebb48d\" data-element_type=\"section\" data-e-type=\"section\">\n\t\t\t\t\t\t<div class=\"elementor-container elementor-column-gap-default\">\n\t\t\t\t\t<div class=\"elementor-column elementor-col-100 elementor-top-column elementor-element elementor-element-0efc222\" data-id=\"0efc222\" data-element_type=\"column\" data-e-type=\"column\">\n\t\t\t<div class=\"elementor-widget-wrap elementor-element-populated\">\n\t\t\t\t\t\t<div class=\"elementor-element elementor-element-1262550 elementor-widget elementor-widget-spacer\" data-id=\"1262550\" data-element_type=\"widget\" data-e-type=\"widget\" data-widget_type=\"spacer.default\">\n\t\t\t\t<div class=\"elementor-widget-container\">\n\t\t\t\t\t\t\t<div class=\"elementor-spacer\">\n\t\t\t<div class=\"elementor-spacer-inner\"><\/div>\n\t\t<\/div>\n\t\t\t\t\t\t<\/div>\n\t\t\t\t<\/div>\n\t\t\t\t\t<\/div>\n\t\t<\/div>\n\t\t\t\t\t<\/div>\n\t\t<\/section>\n\t\t\t\t<\/div>\n\t\t","protected":false},"excerpt":{"rendered":"<p>Uk\u0142ad hamulcowy Wszystko czego potrzebujesz do bezpiecznej i pewnej jazdy swoim samochodem Najwi\u0119kszy wyb\u00f3r! Zadbaj o swoje bezpiecze\u0144stwo na drodze, maj\u0105c dost\u0119p do najwi\u0119kszej gamy produkt\u00f3w i cz\u0119\u015bci najwi\u0119kszych producent\u00f3w. Co u nas kupisz? Posiadamy wszystkie mo\u017cliwe elementy Twojego uk\u0142adu hamulcowego!&hellip;<\/p>\n","protected":false},"author":1,"featured_media":0,"parent":0,"menu_order":0,"comment_status":"closed","ping_status":"closed","template":"elementor_header_footer","meta":{"footnotes":""},"class_list":["post-722","page","type-page","status-publish","hentry"],"_links":{"self":[{"href":"https:\/\/proxicar.pl\/index.php\/wp-json\/wp\/v2\/pages\/722","targetHints":{"allow":["GET"]}}],"collection":[{"href":"https:\/\/proxicar.pl\/index.php\/wp-json\/wp\/v2\/pages"}],"about":[{"href":"https:\/\/proxicar.pl\/index.php\/wp-json\/wp\/v2\/types\/page"}],"author":[{"embeddable":true,"href":"https:\/\/proxicar.pl\/index.php\/wp-json\/wp\/v2\/users\/1"}],"replies":[{"embeddable":true,"href":"https:\/\/proxicar.pl\/index.php\/wp-json\/wp\/v2\/comments?post=722"}],"version-history":[{"count":53,"href":"https:\/\/proxicar.pl\/index.php\/wp-json\/wp\/v2\/pages\/722\/revisions"}],"predecessor-version":[{"id":1071,"href":"https:\/\/proxicar.pl\/index.php\/wp-json\/wp\/v2\/pages\/722\/revisions\/1071"}],"wp:attachment":[{"href":"https:\/\/proxicar.pl\/index.php\/wp-json\/wp\/v2\/media?parent=722"}],"curies":[{"name":"wp","href":"https:\/\/api.w.org\/{rel}","templated":true}]}}