{"id":1096,"date":"2023-08-14T11:43:50","date_gmt":"2023-08-14T11:43:50","guid":{"rendered":"https:\/\/proxicar.pl\/?page_id=1096"},"modified":"2023-08-14T14:19:21","modified_gmt":"2023-08-14T14:19:21","slug":"akumulatory","status":"publish","type":"page","link":"https:\/\/proxicar.pl\/index.php\/akumulatory\/","title":{"rendered":"Akumulatory"},"content":{"rendered":"\t\t<div data-elementor-type=\"wp-page\" data-elementor-id=\"1096\" class=\"elementor elementor-1096\">\n\t\t\t\t\t\t<section class=\"elementor-section elementor-top-section elementor-element elementor-element-7d399bc5 elementor-section-height-min-height elementor-section-items-stretch elementor-section-content-middle elementor-section-full_width elementor-section-stretched elementor-section-height-default\" data-id=\"7d399bc5\" data-element_type=\"section\" data-e-type=\"section\" data-settings=\"{&quot;background_background&quot;:&quot;classic&quot;,&quot;shape_divider_bottom&quot;:&quot;arrow&quot;,&quot;shape_divider_bottom_negative&quot;:&quot;yes&quot;,&quot;stretch_section&quot;:&quot;section-stretched&quot;}\">\n\t\t\t\t\t\t\t<div class=\"elementor-background-overlay\"><\/div>\n\t\t\t\t\t\t<div class=\"elementor-shape elementor-shape-bottom\" aria-hidden=\"true\" data-negative=\"true\">\n\t\t\t<svg xmlns=\"http:\/\/www.w3.org\/2000\/svg\" viewBox=\"0 0 700 10\" preserveAspectRatio=\"none\">\n\t<path class=\"elementor-shape-fill\" d=\"M360 0L350 9.9 340 0 0 0 0 10 700 10 700 0\"\/>\n<\/svg>\t\t<\/div>\n\t\t\t\t\t<div class=\"elementor-container elementor-column-gap-no\">\n\t\t\t\t\t<div class=\"elementor-column elementor-col-50 elementor-top-column elementor-element elementor-element-5feb259a\" data-id=\"5feb259a\" data-element_type=\"column\" data-e-type=\"column\">\n\t\t\t<div class=\"elementor-widget-wrap elementor-element-populated\">\n\t\t\t\t\t\t<div class=\"elementor-element elementor-element-77c6f2e9 elementor-widget elementor-widget-heading\" data-id=\"77c6f2e9\" data-element_type=\"widget\" data-e-type=\"widget\" data-widget_type=\"heading.default\">\n\t\t\t\t<div class=\"elementor-widget-container\">\n\t\t\t\t\t<h1 class=\"elementor-heading-title elementor-size-default\">Akumulatory<\/h1>\t\t\t\t<\/div>\n\t\t\t\t<\/div>\n\t\t\t\t<div class=\"elementor-element elementor-element-3d4eb3d6 elementor-widget elementor-widget-text-editor\" data-id=\"3d4eb3d6\" data-element_type=\"widget\" data-e-type=\"widget\" data-widget_type=\"text-editor.default\">\n\t\t\t\t<div class=\"elementor-widget-container\">\n\t\t\t\t\t\t\t\t\t<p>Odkryj Niezawodn\u0105 Moc: Najwy\u017cszej Jako\u015bci Akumulatory Samochodowe Dla Twojego Pojazdu!<\/p>\t\t\t\t\t\t\t\t<\/div>\n\t\t\t\t<\/div>\n\t\t\t\t\t<\/div>\n\t\t<\/div>\n\t\t\t\t<div class=\"elementor-column elementor-col-50 elementor-top-column elementor-element elementor-element-76ce1f32\" data-id=\"76ce1f32\" data-element_type=\"column\" data-e-type=\"column\">\n\t\t\t<div class=\"elementor-widget-wrap\">\n\t\t\t\t\t\t\t<\/div>\n\t\t<\/div>\n\t\t\t\t\t<\/div>\n\t\t<\/section>\n\t\t\t\t<section class=\"elementor-section elementor-top-section elementor-element elementor-element-1464eb67 elementor-section-full_width elementor-section-content-middle elementor-reverse-tablet elementor-reverse-mobile elementor-section-height-default elementor-section-height-default\" data-id=\"1464eb67\" data-element_type=\"section\" data-e-type=\"section\">\n\t\t\t\t\t\t<div class=\"elementor-container elementor-column-gap-no\">\n\t\t\t\t\t<div class=\"elementor-column elementor-col-25 elementor-top-column elementor-element elementor-element-1add6164\" data-id=\"1add6164\" data-element_type=\"column\" data-e-type=\"column\">\n\t\t\t<div class=\"elementor-widget-wrap elementor-element-populated\">\n\t\t\t\t\t\t<div class=\"elementor-element elementor-element-2602196b elementor-widget elementor-widget-image\" data-id=\"2602196b\" data-element_type=\"widget\" data-e-type=\"widget\" data-widget_type=\"image.default\">\n\t\t\t\t<div class=\"elementor-widget-container\">\n\t\t\t\t\t\t\t\t\t\t\t\t\t\t\t<img fetchpriority=\"high\" decoding=\"async\" width=\"300\" height=\"169\" src=\"https:\/\/proxicar.pl\/wp-content\/uploads\/2023\/01\/Bosch-Logo-1981-2002-300x169.png\" class=\"attachment-medium size-medium wp-image-950\" alt=\"\" srcset=\"https:\/\/proxicar.pl\/wp-content\/uploads\/2023\/01\/Bosch-Logo-1981-2002-300x169.png 300w, https:\/\/proxicar.pl\/wp-content\/uploads\/2023\/01\/Bosch-Logo-1981-2002-1024x576.png 1024w, https:\/\/proxicar.pl\/wp-content\/uploads\/2023\/01\/Bosch-Logo-1981-2002-768x432.png 768w, https:\/\/proxicar.pl\/wp-content\/uploads\/2023\/01\/Bosch-Logo-1981-2002-1536x864.png 1536w, https:\/\/proxicar.pl\/wp-content\/uploads\/2023\/01\/Bosch-Logo-1981-2002-2048x1152.png 2048w, https:\/\/proxicar.pl\/wp-content\/uploads\/2023\/01\/Bosch-Logo-1981-2002-600x338.png 600w\" sizes=\"(max-width: 300px) 100vw, 300px\" \/>\t\t\t\t\t\t\t\t\t\t\t\t\t\t\t<\/div>\n\t\t\t\t<\/div>\n\t\t\t\t<div class=\"elementor-element elementor-element-1027c1db elementor-widget elementor-widget-image\" data-id=\"1027c1db\" data-element_type=\"widget\" data-e-type=\"widget\" data-widget_type=\"image.default\">\n\t\t\t\t<div class=\"elementor-widget-container\">\n\t\t\t\t\t\t\t\t\t\t\t\t\t\t\t<img decoding=\"async\" width=\"430\" height=\"117\" src=\"https:\/\/proxicar.pl\/wp-content\/uploads\/2023\/01\/conti-logo.png\" class=\"attachment-full size-full wp-image-953\" alt=\"\" srcset=\"https:\/\/proxicar.pl\/wp-content\/uploads\/2023\/01\/conti-logo.png 430w, https:\/\/proxicar.pl\/wp-content\/uploads\/2023\/01\/conti-logo-300x82.png 300w\" sizes=\"(max-width: 430px) 100vw, 430px\" \/>\t\t\t\t\t\t\t\t\t\t\t\t\t\t\t<\/div>\n\t\t\t\t<\/div>\n\t\t\t\t\t<\/div>\n\t\t<\/div>\n\t\t\t\t<div class=\"elementor-column elementor-col-25 elementor-top-column elementor-element elementor-element-692503e9\" data-id=\"692503e9\" data-element_type=\"column\" data-e-type=\"column\">\n\t\t\t<div class=\"elementor-widget-wrap elementor-element-populated\">\n\t\t\t\t\t\t<div class=\"elementor-element elementor-element-66604d57 elementor-widget elementor-widget-image\" data-id=\"66604d57\" data-element_type=\"widget\" data-e-type=\"widget\" data-widget_type=\"image.default\">\n\t\t\t\t<div class=\"elementor-widget-container\">\n\t\t\t\t\t\t\t\t\t\t\t\t\t\t\t<img decoding=\"async\" width=\"264\" height=\"300\" src=\"https:\/\/proxicar.pl\/wp-content\/uploads\/2023\/08\/varta_logo.png\" class=\"attachment-full size-full wp-image-1120\" alt=\"\" \/>\t\t\t\t\t\t\t\t\t\t\t\t\t\t\t<\/div>\n\t\t\t\t<\/div>\n\t\t\t\t<div class=\"elementor-element elementor-element-72b3f170 elementor-widget elementor-widget-image\" data-id=\"72b3f170\" data-element_type=\"widget\" data-e-type=\"widget\" data-widget_type=\"image.default\">\n\t\t\t\t<div class=\"elementor-widget-container\">\n\t\t\t\t\t\t\t\t\t\t\t\t\t\t\t<img loading=\"lazy\" decoding=\"async\" width=\"786\" height=\"500\" src=\"https:\/\/proxicar.pl\/wp-content\/uploads\/2023\/08\/Centra-poznan.jpg\" class=\"attachment-full size-full wp-image-1118\" alt=\"\" srcset=\"https:\/\/proxicar.pl\/wp-content\/uploads\/2023\/08\/Centra-poznan.jpg 786w, https:\/\/proxicar.pl\/wp-content\/uploads\/2023\/08\/Centra-poznan-300x191.jpg 300w, https:\/\/proxicar.pl\/wp-content\/uploads\/2023\/08\/Centra-poznan-768x489.jpg 768w, https:\/\/proxicar.pl\/wp-content\/uploads\/2023\/08\/Centra-poznan-600x382.jpg 600w\" sizes=\"(max-width: 786px) 100vw, 786px\" \/>\t\t\t\t\t\t\t\t\t\t\t\t\t\t\t<\/div>\n\t\t\t\t<\/div>\n\t\t\t\t\t<\/div>\n\t\t<\/div>\n\t\t\t\t<div class=\"elementor-column elementor-col-50 elementor-top-column elementor-element elementor-element-332178e0\" data-id=\"332178e0\" data-element_type=\"column\" data-e-type=\"column\">\n\t\t\t<div class=\"elementor-widget-wrap elementor-element-populated\">\n\t\t\t\t\t\t<div class=\"elementor-element elementor-element-52a2edf8 elementor-widget elementor-widget-heading\" data-id=\"52a2edf8\" data-element_type=\"widget\" data-e-type=\"widget\" data-widget_type=\"heading.default\">\n\t\t\t\t<div class=\"elementor-widget-container\">\n\t\t\t\t\t<h3 class=\"elementor-heading-title elementor-size-default\">Akumulatory na ka\u017cd\u0105 kiesze\u0144!<\/h3>\t\t\t\t<\/div>\n\t\t\t\t<\/div>\n\t\t\t\t<div class=\"elementor-element elementor-element-158520bf elementor-widget elementor-widget-text-editor\" data-id=\"158520bf\" data-element_type=\"widget\" data-e-type=\"widget\" data-widget_type=\"text-editor.default\">\n\t\t\t\t<div class=\"elementor-widget-container\">\n\t\t\t\t\t\t\t\t\t<p>Tw\u00f3j samoch\u00f3d zas\u0142uguje na niezawodny akumulator, a Twoja kiesze\u0144 na oszcz\u0119dno\u015bci. Nasza oferta akumulator\u00f3w dostosowana jest do r\u00f3\u017cnych bud\u017cet\u00f3w, zapewniaj\u0105c Ci wysok\u0105 jako\u015b\u0107 bez konieczno\u015bci wydawania fortuny.<\/p>\t\t\t\t\t\t\t\t<\/div>\n\t\t\t\t<\/div>\n\t\t\t\t\t<\/div>\n\t\t<\/div>\n\t\t\t\t\t<\/div>\n\t\t<\/section>\n\t\t\t\t<section class=\"elementor-section elementor-top-section elementor-element elementor-element-5aae8fe5 elementor-section-full_width elementor-section-height-default elementor-section-height-default\" data-id=\"5aae8fe5\" data-element_type=\"section\" data-e-type=\"section\" id=\"next\">\n\t\t\t\t\t\t<div class=\"elementor-container elementor-column-gap-no\">\n\t\t\t\t\t<div class=\"elementor-column elementor-col-100 elementor-top-column elementor-element elementor-element-786b48f\" data-id=\"786b48f\" data-element_type=\"column\" data-e-type=\"column\">\n\t\t\t<div class=\"elementor-widget-wrap elementor-element-populated\">\n\t\t\t\t\t\t<div class=\"elementor-element elementor-element-456c95 elementor-widget elementor-widget-heading\" data-id=\"456c95\" data-element_type=\"widget\" data-e-type=\"widget\" data-widget_type=\"heading.default\">\n\t\t\t\t<div class=\"elementor-widget-container\">\n\t\t\t\t\t<h3 class=\"elementor-heading-title elementor-size-default\">Co u nas kupisz?<\/h3>\t\t\t\t<\/div>\n\t\t\t\t<\/div>\n\t\t\t\t<div class=\"elementor-element elementor-element-4d3d2974 elementor-widget elementor-widget-heading\" data-id=\"4d3d2974\" data-element_type=\"widget\" data-e-type=\"widget\" data-widget_type=\"heading.default\">\n\t\t\t\t<div class=\"elementor-widget-container\">\n\t\t\t\t\t<p class=\"elementor-heading-title elementor-size-default\">Pe\u0142na oferta akumulator\u00f3w i akcesori\u00f3w wiod\u0105cych marek!<\/p>\t\t\t\t<\/div>\n\t\t\t\t<\/div>\n\t\t\t\t<section class=\"elementor-section elementor-inner-section elementor-element elementor-element-6d3988bb elementor-section-full_width elementor-section-height-default elementor-section-height-default\" data-id=\"6d3988bb\" data-element_type=\"section\" data-e-type=\"section\">\n\t\t\t\t\t\t<div class=\"elementor-container elementor-column-gap-no\">\n\t\t\t\t\t<div class=\"elementor-column elementor-col-25 elementor-inner-column elementor-element elementor-element-dac2e8d\" data-id=\"dac2e8d\" data-element_type=\"column\" data-e-type=\"column\">\n\t\t\t<div class=\"elementor-widget-wrap elementor-element-populated\">\n\t\t\t\t\t\t<div class=\"elementor-element elementor-element-73cb5f50 elementor-position-top elementor-widget elementor-widget-image-box\" data-id=\"73cb5f50\" data-element_type=\"widget\" data-e-type=\"widget\" data-widget_type=\"image-box.default\">\n\t\t\t\t<div class=\"elementor-widget-container\">\n\t\t\t\t\t<div class=\"elementor-image-box-wrapper\"><figure class=\"elementor-image-box-img\"><img decoding=\"async\" src=\"https:\/\/proxicar.pl\/wp-content\/uploads\/elementor\/thumbs\/Centra_StrongPRO-qawijfl99y1kjreq1hpsppnpmwaw3f4kvppmhow90s.jpg\" title=\"Centra_StrongPRO\" alt=\"Centra_StrongPRO\" class=\"elementor-animation-grow\" loading=\"lazy\" \/><\/figure><div class=\"elementor-image-box-content\"><h4 class=\"elementor-image-box-title\">Akumulatory Premium<\/h4><p class=\"elementor-image-box-description\">Wyj\u0105tkowa konstrukcja i zaawansowane materia\u0142y gwarantuj\u0105 doskona\u0142\u0105 wydajno\u015b\u0107, szczeg\u00f3lnie w ekstremalnych warunkach. Niezale\u017cnie od temperatury czy stylu jazdy, akumulatory premium zapewni\u0105 pewno\u015b\u0107 dzia\u0142ania na d\u0142ugi czas.<\/p><\/div><\/div>\t\t\t\t<\/div>\n\t\t\t\t<\/div>\n\t\t\t\t\t<\/div>\n\t\t<\/div>\n\t\t\t\t<div class=\"elementor-column elementor-col-25 elementor-inner-column elementor-element elementor-element-4d7b16f9\" data-id=\"4d7b16f9\" data-element_type=\"column\" data-e-type=\"column\">\n\t\t\t<div class=\"elementor-widget-wrap elementor-element-populated\">\n\t\t\t\t\t\t<div class=\"elementor-element elementor-element-3ecfb409 elementor-position-top elementor-widget elementor-widget-image-box\" data-id=\"3ecfb409\" data-element_type=\"widget\" data-e-type=\"widget\" data-widget_type=\"image-box.default\">\n\t\t\t\t<div class=\"elementor-widget-container\">\n\t\t\t\t\t<div class=\"elementor-image-box-wrapper\"><figure class=\"elementor-image-box-img\"><img decoding=\"async\" src=\"https:\/\/proxicar.pl\/wp-content\/uploads\/elementor\/thumbs\/21015_03-qawj8rcpf8ppdimc5ftwwbktungxhto7p2im03cdd8.jpg\" title=\"21015_03\" alt=\"21015_03\" class=\"elementor-animation-grow\" loading=\"lazy\" \/><\/figure><div class=\"elementor-image-box-content\"><h4 class=\"elementor-image-box-title\">Akumulatory \u017celowe<\/h4><p class=\"elementor-image-box-description\">Akumulatory \u017celowe charakteryzuj\u0105 si\u0119 d\u0142u\u017cszym okresem \u017cycia w por\u00f3wnaniu z tradycyjnymi akumulatorami kwasowo-o\u0142owiowymi. To oznacza mniej k\u0142opot\u00f3w z wymian\u0105 i wi\u0119ksz\u0105 ekonomiczno\u015b\u0107 dla Ciebie.<\/p><\/div><\/div>\t\t\t\t<\/div>\n\t\t\t\t<\/div>\n\t\t\t\t\t<\/div>\n\t\t<\/div>\n\t\t\t\t<div class=\"elementor-column elementor-col-25 elementor-inner-column elementor-element elementor-element-7a8fc6fc\" data-id=\"7a8fc6fc\" data-element_type=\"column\" data-e-type=\"column\">\n\t\t\t<div class=\"elementor-widget-wrap elementor-element-populated\">\n\t\t\t\t\t\t<div class=\"elementor-element elementor-element-69b12591 elementor-position-top elementor-widget elementor-widget-image-box\" data-id=\"69b12591\" data-element_type=\"widget\" data-e-type=\"widget\" data-widget_type=\"image-box.default\">\n\t\t\t\t<div class=\"elementor-widget-container\">\n\t\t\t\t\t<div class=\"elementor-image-box-wrapper\"><figure class=\"elementor-image-box-img\"><img decoding=\"async\" src=\"https:\/\/proxicar.pl\/wp-content\/uploads\/elementor\/thumbs\/wpx_ca8c6d27a6466cbd0203b7d171b7b500-qawjdo2d43fm07hnhk7rx2zhj39xox5r1d5w842cvg.jpg\" title=\"wpx_ca8c6d27a6466cbd0203b7d171b7b500\" alt=\"wpx_ca8c6d27a6466cbd0203b7d171b7b500\" class=\"elementor-animation-grow\" loading=\"lazy\" \/><\/figure><div class=\"elementor-image-box-content\"><h4 class=\"elementor-image-box-title\">\u0141adowarki i prostowniki<\/h4><p class=\"elementor-image-box-description\">Zainwestuj w akcesoria, kt\u00f3re sprawi\u0105, \u017ce Tw\u00f3j akumulator b\u0119dzie zawsze w pe\u0142nej gotowo\u015bci do dzia\u0142ania.<\/p><\/div><\/div>\t\t\t\t<\/div>\n\t\t\t\t<\/div>\n\t\t\t\t\t<\/div>\n\t\t<\/div>\n\t\t\t\t<div class=\"elementor-column elementor-col-25 elementor-inner-column elementor-element elementor-element-3c8050f2\" data-id=\"3c8050f2\" data-element_type=\"column\" data-e-type=\"column\">\n\t\t\t<div class=\"elementor-widget-wrap elementor-element-populated\">\n\t\t\t\t\t\t<div class=\"elementor-element elementor-element-4295dd86 elementor-position-top elementor-widget elementor-widget-image-box\" data-id=\"4295dd86\" data-element_type=\"widget\" data-e-type=\"widget\" data-widget_type=\"image-box.default\">\n\t\t\t\t<div class=\"elementor-widget-container\">\n\t\t\t\t\t<div class=\"elementor-image-box-wrapper\"><figure class=\"elementor-image-box-img\"><img decoding=\"async\" src=\"https:\/\/proxicar.pl\/wp-content\/uploads\/elementor\/thumbs\/BATTERYstart-STARTER-CABLE-300A-OSC160-qawk6c55k6og41ui2yc4yujls5yygkz0z9h15xk33g.jpg\" title=\"BATTERYstart STARTER CABLE 300A OSC160\" alt=\"BATTERYstart STARTER CABLE 300A OSC160\" class=\"elementor-animation-grow\" loading=\"lazy\" \/><\/figure><div class=\"elementor-image-box-content\"><h4 class=\"elementor-image-box-title\">kable rozruchowe<\/h4><p class=\"elementor-image-box-description\">Kable rozruchowe to pewno\u015b\u0107, \u017ce nigdy nie zostaniesz unieruchomiony przez roz\u0142adowany akumulator. W po\u0142\u0105czeniu z mobilnymi \u0142adowarkami, otrzymujesz gwarancj\u0119 bezpiecze\u0144stwa i niezawodno\u015bci.<\/p><\/div><\/div>\t\t\t\t<\/div>\n\t\t\t\t<\/div>\n\t\t\t\t\t<\/div>\n\t\t<\/div>\n\t\t\t\t\t<\/div>\n\t\t<\/section>\n\t\t\t\t\t<\/div>\n\t\t<\/div>\n\t\t\t\t\t<\/div>\n\t\t<\/section>\n\t\t\t\t<section class=\"elementor-section elementor-top-section elementor-element elementor-element-4942736b elementor-section-boxed elementor-section-height-default elementor-section-height-default\" data-id=\"4942736b\" data-element_type=\"section\" data-e-type=\"section\">\n\t\t\t\t\t\t<div class=\"elementor-container elementor-column-gap-default\">\n\t\t\t\t\t<div class=\"elementor-column elementor-col-100 elementor-top-column elementor-element elementor-element-2e65b2b\" data-id=\"2e65b2b\" data-element_type=\"column\" data-e-type=\"column\">\n\t\t\t<div class=\"elementor-widget-wrap elementor-element-populated\">\n\t\t\t\t\t\t<div class=\"elementor-element elementor-element-401c268c elementor-widget elementor-widget-spacer\" data-id=\"401c268c\" data-element_type=\"widget\" data-e-type=\"widget\" data-widget_type=\"spacer.default\">\n\t\t\t\t<div class=\"elementor-widget-container\">\n\t\t\t\t\t\t\t<div class=\"elementor-spacer\">\n\t\t\t<div class=\"elementor-spacer-inner\"><\/div>\n\t\t<\/div>\n\t\t\t\t\t\t<\/div>\n\t\t\t\t<\/div>\n\t\t\t\t\t<\/div>\n\t\t<\/div>\n\t\t\t\t\t<\/div>\n\t\t<\/section>\n\t\t\t\t<\/div>\n\t\t","protected":false},"excerpt":{"rendered":"<p>Akumulatory Odkryj Niezawodn\u0105 Moc: Najwy\u017cszej Jako\u015bci Akumulatory Samochodowe Dla Twojego Pojazdu! Akumulatory na ka\u017cd\u0105 kiesze\u0144! Tw\u00f3j samoch\u00f3d zas\u0142uguje na niezawodny akumulator, a Twoja kiesze\u0144 na oszcz\u0119dno\u015bci. Nasza oferta akumulator\u00f3w dostosowana jest do r\u00f3\u017cnych bud\u017cet\u00f3w, zapewniaj\u0105c Ci wysok\u0105 jako\u015b\u0107 bez konieczno\u015bci wydawania&hellip;<\/p>\n","protected":false},"author":1,"featured_media":0,"parent":0,"menu_order":0,"comment_status":"closed","ping_status":"closed","template":"elementor_header_footer","meta":{"footnotes":""},"class_list":["post-1096","page","type-page","status-publish","hentry"],"_links":{"self":[{"href":"https:\/\/proxicar.pl\/index.php\/wp-json\/wp\/v2\/pages\/1096","targetHints":{"allow":["GET"]}}],"collection":[{"href":"https:\/\/proxicar.pl\/index.php\/wp-json\/wp\/v2\/pages"}],"about":[{"href":"https:\/\/proxicar.pl\/index.php\/wp-json\/wp\/v2\/types\/page"}],"author":[{"embeddable":true,"href":"https:\/\/proxicar.pl\/index.php\/wp-json\/wp\/v2\/users\/1"}],"replies":[{"embeddable":true,"href":"https:\/\/proxicar.pl\/index.php\/wp-json\/wp\/v2\/comments?post=1096"}],"version-history":[{"count":13,"href":"https:\/\/proxicar.pl\/index.php\/wp-json\/wp\/v2\/pages\/1096\/revisions"}],"predecessor-version":[{"id":1129,"href":"https:\/\/proxicar.pl\/index.php\/wp-json\/wp\/v2\/pages\/1096\/revisions\/1129"}],"wp:attachment":[{"href":"https:\/\/proxicar.pl\/index.php\/wp-json\/wp\/v2\/media?parent=1096"}],"curies":[{"name":"wp","href":"https:\/\/api.w.org\/{rel}","templated":true}]}}