{"id":1028,"date":"2023-01-05T13:35:16","date_gmt":"2023-01-05T13:35:16","guid":{"rendered":"https:\/\/proxicar.pl\/?page_id=1028"},"modified":"2023-01-05T15:16:08","modified_gmt":"2023-01-05T15:16:08","slug":"uklad-kierowniczy-i-zawieszenie","status":"publish","type":"page","link":"https:\/\/proxicar.pl\/index.php\/uklad-kierowniczy-i-zawieszenie\/","title":{"rendered":"Uk\u0142ad kierowniczy i zawieszenie"},"content":{"rendered":"\t\t<div data-elementor-type=\"wp-page\" data-elementor-id=\"1028\" class=\"elementor elementor-1028\">\n\t\t\t\t\t\t<section class=\"elementor-section elementor-top-section elementor-element elementor-element-45f28eb8 elementor-section-height-min-height elementor-section-items-stretch elementor-section-content-middle elementor-section-full_width elementor-section-stretched elementor-section-height-default\" data-id=\"45f28eb8\" data-element_type=\"section\" data-e-type=\"section\" data-settings=\"{&quot;background_background&quot;:&quot;classic&quot;,&quot;shape_divider_bottom&quot;:&quot;arrow&quot;,&quot;shape_divider_bottom_negative&quot;:&quot;yes&quot;,&quot;stretch_section&quot;:&quot;section-stretched&quot;}\">\n\t\t\t\t\t\t\t<div class=\"elementor-background-overlay\"><\/div>\n\t\t\t\t\t\t<div class=\"elementor-shape elementor-shape-bottom\" aria-hidden=\"true\" data-negative=\"true\">\n\t\t\t<svg xmlns=\"http:\/\/www.w3.org\/2000\/svg\" viewBox=\"0 0 700 10\" preserveAspectRatio=\"none\">\n\t<path class=\"elementor-shape-fill\" d=\"M360 0L350 9.9 340 0 0 0 0 10 700 10 700 0\"\/>\n<\/svg>\t\t<\/div>\n\t\t\t\t\t<div class=\"elementor-container elementor-column-gap-no\">\n\t\t\t\t\t<div class=\"elementor-column elementor-col-50 elementor-top-column elementor-element elementor-element-724b1ee7\" data-id=\"724b1ee7\" data-element_type=\"column\" data-e-type=\"column\">\n\t\t\t<div class=\"elementor-widget-wrap elementor-element-populated\">\n\t\t\t\t\t\t<div class=\"elementor-element elementor-element-42dc5c7 elementor-widget elementor-widget-heading\" data-id=\"42dc5c7\" data-element_type=\"widget\" data-e-type=\"widget\" data-widget_type=\"heading.default\">\n\t\t\t\t<div class=\"elementor-widget-container\">\n\t\t\t\t\t<h1 class=\"elementor-heading-title elementor-size-default\">Uk\u0142ad kierowniczy i zawieszenie<\/h1>\t\t\t\t<\/div>\n\t\t\t\t<\/div>\n\t\t\t\t<div class=\"elementor-element elementor-element-61e0a120 elementor-widget elementor-widget-text-editor\" data-id=\"61e0a120\" data-element_type=\"widget\" data-e-type=\"widget\" data-widget_type=\"text-editor.default\">\n\t\t\t\t<div class=\"elementor-widget-container\">\n\t\t\t\t\t\t\t\t\t<p>Stan techniczny element\u00f3w zawieszenia ma decyduj\u0105cy wp\u0142yw na bezpiecze\u0144stwo jazdy.<\/p>\t\t\t\t\t\t\t\t<\/div>\n\t\t\t\t<\/div>\n\t\t\t\t\t<\/div>\n\t\t<\/div>\n\t\t\t\t<div class=\"elementor-column elementor-col-50 elementor-top-column elementor-element elementor-element-7b0cfe8f\" data-id=\"7b0cfe8f\" data-element_type=\"column\" data-e-type=\"column\">\n\t\t\t<div class=\"elementor-widget-wrap\">\n\t\t\t\t\t\t\t<\/div>\n\t\t<\/div>\n\t\t\t\t\t<\/div>\n\t\t<\/section>\n\t\t\t\t<section class=\"elementor-section elementor-top-section elementor-element elementor-element-233946e elementor-section-full_width elementor-section-content-middle elementor-reverse-tablet elementor-reverse-mobile elementor-section-height-default elementor-section-height-default\" data-id=\"233946e\" data-element_type=\"section\" data-e-type=\"section\">\n\t\t\t\t\t\t<div class=\"elementor-container elementor-column-gap-no\">\n\t\t\t\t\t<div class=\"elementor-column elementor-col-25 elementor-top-column elementor-element elementor-element-5b4241d2\" data-id=\"5b4241d2\" data-element_type=\"column\" data-e-type=\"column\">\n\t\t\t<div class=\"elementor-widget-wrap elementor-element-populated\">\n\t\t\t\t\t\t<div class=\"elementor-element elementor-element-181770f2 elementor-widget elementor-widget-image\" data-id=\"181770f2\" data-element_type=\"widget\" data-e-type=\"widget\" data-widget_type=\"image.default\">\n\t\t\t\t<div class=\"elementor-widget-container\">\n\t\t\t\t\t\t\t\t\t\t\t\t\t\t\t<img fetchpriority=\"high\" decoding=\"async\" width=\"275\" height=\"183\" src=\"https:\/\/proxicar.pl\/wp-content\/uploads\/2023\/01\/daco-daco_view-1.png\" class=\"attachment-full size-full wp-image-1040\" alt=\"\" \/>\t\t\t\t\t\t\t\t\t\t\t\t\t\t\t<\/div>\n\t\t\t\t<\/div>\n\t\t\t\t<div class=\"elementor-element elementor-element-260cca4c elementor-widget elementor-widget-image\" data-id=\"260cca4c\" data-element_type=\"widget\" data-e-type=\"widget\" data-widget_type=\"image.default\">\n\t\t\t\t<div class=\"elementor-widget-container\">\n\t\t\t\t\t\t\t\t\t\t\t\t\t\t\t<img decoding=\"async\" width=\"2400\" height=\"2400\" src=\"https:\/\/proxicar.pl\/wp-content\/uploads\/2023\/01\/lemforder-logo-png-transparent.png\" class=\"attachment-full size-full wp-image-1038\" alt=\"\" srcset=\"https:\/\/proxicar.pl\/wp-content\/uploads\/2023\/01\/lemforder-logo-png-transparent.png 2400w, https:\/\/proxicar.pl\/wp-content\/uploads\/2023\/01\/lemforder-logo-png-transparent-300x300.png 300w, https:\/\/proxicar.pl\/wp-content\/uploads\/2023\/01\/lemforder-logo-png-transparent-1024x1024.png 1024w, https:\/\/proxicar.pl\/wp-content\/uploads\/2023\/01\/lemforder-logo-png-transparent-150x150.png 150w, https:\/\/proxicar.pl\/wp-content\/uploads\/2023\/01\/lemforder-logo-png-transparent-768x768.png 768w, https:\/\/proxicar.pl\/wp-content\/uploads\/2023\/01\/lemforder-logo-png-transparent-1536x1536.png 1536w, https:\/\/proxicar.pl\/wp-content\/uploads\/2023\/01\/lemforder-logo-png-transparent-2048x2048.png 2048w, https:\/\/proxicar.pl\/wp-content\/uploads\/2023\/01\/lemforder-logo-png-transparent-600x600.png 600w, https:\/\/proxicar.pl\/wp-content\/uploads\/2023\/01\/lemforder-logo-png-transparent-100x100.png 100w\" sizes=\"(max-width: 2400px) 100vw, 2400px\" \/>\t\t\t\t\t\t\t\t\t\t\t\t\t\t\t<\/div>\n\t\t\t\t<\/div>\n\t\t\t\t\t<\/div>\n\t\t<\/div>\n\t\t\t\t<div class=\"elementor-column elementor-col-25 elementor-top-column elementor-element elementor-element-5d122113\" data-id=\"5d122113\" data-element_type=\"column\" data-e-type=\"column\">\n\t\t\t<div class=\"elementor-widget-wrap elementor-element-populated\">\n\t\t\t\t\t\t<div class=\"elementor-element elementor-element-3a2f277 elementor-widget elementor-widget-image\" data-id=\"3a2f277\" data-element_type=\"widget\" data-e-type=\"widget\" data-widget_type=\"image.default\">\n\t\t\t\t<div class=\"elementor-widget-container\">\n\t\t\t\t\t\t\t\t\t\t\t\t\t\t\t<img decoding=\"async\" width=\"3000\" height=\"2000\" src=\"https:\/\/proxicar.pl\/wp-content\/uploads\/2023\/01\/Kayaba_Industry-Logo.wine_.png\" class=\"attachment-full size-full wp-image-1037\" alt=\"\" srcset=\"https:\/\/proxicar.pl\/wp-content\/uploads\/2023\/01\/Kayaba_Industry-Logo.wine_.png 3000w, https:\/\/proxicar.pl\/wp-content\/uploads\/2023\/01\/Kayaba_Industry-Logo.wine_-300x200.png 300w, https:\/\/proxicar.pl\/wp-content\/uploads\/2023\/01\/Kayaba_Industry-Logo.wine_-1024x683.png 1024w, https:\/\/proxicar.pl\/wp-content\/uploads\/2023\/01\/Kayaba_Industry-Logo.wine_-768x512.png 768w, https:\/\/proxicar.pl\/wp-content\/uploads\/2023\/01\/Kayaba_Industry-Logo.wine_-1536x1024.png 1536w, https:\/\/proxicar.pl\/wp-content\/uploads\/2023\/01\/Kayaba_Industry-Logo.wine_-2048x1365.png 2048w, https:\/\/proxicar.pl\/wp-content\/uploads\/2023\/01\/Kayaba_Industry-Logo.wine_-600x400.png 600w\" sizes=\"(max-width: 3000px) 100vw, 3000px\" \/>\t\t\t\t\t\t\t\t\t\t\t\t\t\t\t<\/div>\n\t\t\t\t<\/div>\n\t\t\t\t<div class=\"elementor-element elementor-element-43cd0a4b elementor-widget elementor-widget-image\" data-id=\"43cd0a4b\" data-element_type=\"widget\" data-e-type=\"widget\" data-widget_type=\"image.default\">\n\t\t\t\t<div class=\"elementor-widget-container\">\n\t\t\t\t\t\t\t\t\t\t\t\t\t\t\t<img loading=\"lazy\" decoding=\"async\" width=\"1280\" height=\"1280\" src=\"https:\/\/proxicar.pl\/wp-content\/uploads\/2023\/01\/monroe-logo.png\" class=\"attachment-full size-full wp-image-1039\" alt=\"\" srcset=\"https:\/\/proxicar.pl\/wp-content\/uploads\/2023\/01\/monroe-logo.png 1280w, https:\/\/proxicar.pl\/wp-content\/uploads\/2023\/01\/monroe-logo-300x300.png 300w, https:\/\/proxicar.pl\/wp-content\/uploads\/2023\/01\/monroe-logo-1024x1024.png 1024w, https:\/\/proxicar.pl\/wp-content\/uploads\/2023\/01\/monroe-logo-150x150.png 150w, https:\/\/proxicar.pl\/wp-content\/uploads\/2023\/01\/monroe-logo-768x768.png 768w, https:\/\/proxicar.pl\/wp-content\/uploads\/2023\/01\/monroe-logo-600x600.png 600w, https:\/\/proxicar.pl\/wp-content\/uploads\/2023\/01\/monroe-logo-100x100.png 100w\" sizes=\"(max-width: 1280px) 100vw, 1280px\" \/>\t\t\t\t\t\t\t\t\t\t\t\t\t\t\t<\/div>\n\t\t\t\t<\/div>\n\t\t\t\t<div class=\"elementor-element elementor-element-70bdc57 elementor-widget elementor-widget-image\" data-id=\"70bdc57\" data-element_type=\"widget\" data-e-type=\"widget\" data-widget_type=\"image.default\">\n\t\t\t\t<div class=\"elementor-widget-container\">\n\t\t\t\t\t\t\t\t\t\t\t\t\t\t\t<img loading=\"lazy\" decoding=\"async\" width=\"900\" height=\"500\" src=\"https:\/\/proxicar.pl\/wp-content\/uploads\/2023\/01\/bilstein-vector-logo.png\" class=\"attachment-large size-large wp-image-1041\" alt=\"\" srcset=\"https:\/\/proxicar.pl\/wp-content\/uploads\/2023\/01\/bilstein-vector-logo.png 900w, https:\/\/proxicar.pl\/wp-content\/uploads\/2023\/01\/bilstein-vector-logo-300x167.png 300w, https:\/\/proxicar.pl\/wp-content\/uploads\/2023\/01\/bilstein-vector-logo-768x427.png 768w, https:\/\/proxicar.pl\/wp-content\/uploads\/2023\/01\/bilstein-vector-logo-600x333.png 600w\" sizes=\"(max-width: 900px) 100vw, 900px\" \/>\t\t\t\t\t\t\t\t\t\t\t\t\t\t\t<\/div>\n\t\t\t\t<\/div>\n\t\t\t\t\t<\/div>\n\t\t<\/div>\n\t\t\t\t<div class=\"elementor-column elementor-col-50 elementor-top-column elementor-element elementor-element-5995fd9f\" data-id=\"5995fd9f\" data-element_type=\"column\" data-e-type=\"column\">\n\t\t\t<div class=\"elementor-widget-wrap elementor-element-populated\">\n\t\t\t\t\t\t<div class=\"elementor-element elementor-element-30ea608f elementor-widget elementor-widget-heading\" data-id=\"30ea608f\" data-element_type=\"widget\" data-e-type=\"widget\" data-widget_type=\"heading.default\">\n\t\t\t\t<div class=\"elementor-widget-container\">\n\t\t\t\t\t<h3 class=\"elementor-heading-title elementor-size-default\">Najwi\u0119kszy wyb\u00f3r!<\/h3>\t\t\t\t<\/div>\n\t\t\t\t<\/div>\n\t\t\t\t<div class=\"elementor-element elementor-element-303ce7dd elementor-widget elementor-widget-text-editor\" data-id=\"303ce7dd\" data-element_type=\"widget\" data-e-type=\"widget\" data-widget_type=\"text-editor.default\">\n\t\t\t\t<div class=\"elementor-widget-container\">\n\t\t\t\t\t\t\t\t\t<p>Zadbaj o swoje bezpiecze\u0144stwo na drodze, maj\u0105c dost\u0119p do najwi\u0119kszej gamy produkt\u00f3w i cz\u0119\u015bci najwi\u0119kszych producent\u00f3w.<\/p>\t\t\t\t\t\t\t\t<\/div>\n\t\t\t\t<\/div>\n\t\t\t\t\t<\/div>\n\t\t<\/div>\n\t\t\t\t\t<\/div>\n\t\t<\/section>\n\t\t\t\t<section class=\"elementor-section elementor-top-section elementor-element elementor-element-348f1f6 elementor-section-full_width elementor-section-height-default elementor-section-height-default\" data-id=\"348f1f6\" data-element_type=\"section\" data-e-type=\"section\" id=\"next\">\n\t\t\t\t\t\t<div class=\"elementor-container elementor-column-gap-no\">\n\t\t\t\t\t<div class=\"elementor-column elementor-col-100 elementor-top-column elementor-element elementor-element-35aad638\" data-id=\"35aad638\" data-element_type=\"column\" data-e-type=\"column\">\n\t\t\t<div class=\"elementor-widget-wrap elementor-element-populated\">\n\t\t\t\t\t\t<div class=\"elementor-element elementor-element-1f42470f elementor-widget elementor-widget-heading\" data-id=\"1f42470f\" data-element_type=\"widget\" data-e-type=\"widget\" data-widget_type=\"heading.default\">\n\t\t\t\t<div class=\"elementor-widget-container\">\n\t\t\t\t\t<h3 class=\"elementor-heading-title elementor-size-default\">Co u nas kupisz?<\/h3>\t\t\t\t<\/div>\n\t\t\t\t<\/div>\n\t\t\t\t<div class=\"elementor-element elementor-element-300ebeff elementor-widget elementor-widget-heading\" data-id=\"300ebeff\" data-element_type=\"widget\" data-e-type=\"widget\" data-widget_type=\"heading.default\">\n\t\t\t\t<div class=\"elementor-widget-container\">\n\t\t\t\t\t<p class=\"elementor-heading-title elementor-size-default\">Dost\u0119pna najszersza oferta cz\u0119\u015bci zawieszenia i uk\u0142adu kierowniczego!<\/p>\t\t\t\t<\/div>\n\t\t\t\t<\/div>\n\t\t\t\t<section class=\"elementor-section elementor-inner-section elementor-element elementor-element-76d6c943 elementor-section-full_width elementor-section-height-default elementor-section-height-default\" data-id=\"76d6c943\" data-element_type=\"section\" data-e-type=\"section\">\n\t\t\t\t\t\t<div class=\"elementor-container elementor-column-gap-no\">\n\t\t\t\t\t<div class=\"elementor-column elementor-col-25 elementor-inner-column elementor-element elementor-element-6c73be33\" data-id=\"6c73be33\" data-element_type=\"column\" data-e-type=\"column\">\n\t\t\t<div class=\"elementor-widget-wrap elementor-element-populated\">\n\t\t\t\t\t\t<div class=\"elementor-element elementor-element-366d62dc elementor-position-top elementor-widget elementor-widget-image-box\" data-id=\"366d62dc\" data-element_type=\"widget\" data-e-type=\"widget\" data-widget_type=\"image-box.default\">\n\t\t\t\t<div class=\"elementor-widget-container\">\n\t\t\t\t\t<div class=\"elementor-image-box-wrapper\"><figure class=\"elementor-image-box-img\"><img decoding=\"async\" src=\"https:\/\/proxicar.pl\/wp-content\/uploads\/elementor\/thumbs\/Amortyzator-q07wm8eoa36v8ghpmur77539vyoe37h5lfr4c8f8oc.png\" title=\"Amortyzator\" alt=\"Amortyzator\" class=\"elementor-animation-grow\" loading=\"lazy\" \/><\/figure><div class=\"elementor-image-box-content\"><h4 class=\"elementor-image-box-title\">Amortyzatory<\/h4><p class=\"elementor-image-box-description\">Wymian\u0119 amortyzator\u00f3w zaleca si\u0119 ju\u017c przy spadku sprawno\u015bci poni\u017cej 30-40%. Wymiana amortyzator\u00f3w konieczna jest tak\u017ce wtedy, je\u015bli r\u00f3\u017cnica w wynikach mi\u0119dzy amortyzatorami na jednej osi wynosi wi\u0119cej ni\u017c 15-20%.<\/p><\/div><\/div>\t\t\t\t<\/div>\n\t\t\t\t<\/div>\n\t\t\t\t\t<\/div>\n\t\t<\/div>\n\t\t\t\t<div class=\"elementor-column elementor-col-25 elementor-inner-column elementor-element elementor-element-54977fe5\" data-id=\"54977fe5\" data-element_type=\"column\" data-e-type=\"column\">\n\t\t\t<div class=\"elementor-widget-wrap elementor-element-populated\">\n\t\t\t\t\t\t<div class=\"elementor-element elementor-element-7f2a2713 elementor-position-top elementor-widget elementor-widget-image-box\" data-id=\"7f2a2713\" data-element_type=\"widget\" data-e-type=\"widget\" data-widget_type=\"image-box.default\">\n\t\t\t\t<div class=\"elementor-widget-container\">\n\t\t\t\t\t<div class=\"elementor-image-box-wrapper\"><figure class=\"elementor-image-box-img\"><img decoding=\"async\" src=\"https:\/\/proxicar.pl\/wp-content\/uploads\/elementor\/thumbs\/Sprezyny-q07wsdaqw5l90tkut08iz3clhifnc2u2rt2849bq24.png\" title=\"Spr\u0119\u017cyny\" alt=\"Spr\u0119\u017cyny\" class=\"elementor-animation-grow\" loading=\"lazy\" \/><\/figure><div class=\"elementor-image-box-content\"><h4 class=\"elementor-image-box-title\">Spr\u0119\u017cyny zawieszenia<\/h4><p class=\"elementor-image-box-description\">Spr\u0119\u017cyny zawieszenia trzeba wymieni\u0107, gdy auto krzywo stoi, gdy prz\u00f3d lub ty\u0142 \u201estoi\u201d za nisko, a tak\u017ce gdy po za\u0142adowaniu stosunkowo niewielkiego ci\u0119\u017caru do baga\u017cnika zawieszenie \u201esiada\u201d.<\/p><\/div><\/div>\t\t\t\t<\/div>\n\t\t\t\t<\/div>\n\t\t\t\t\t<\/div>\n\t\t<\/div>\n\t\t\t\t<div class=\"elementor-column elementor-col-25 elementor-inner-column elementor-element elementor-element-63fa6558\" data-id=\"63fa6558\" data-element_type=\"column\" data-e-type=\"column\">\n\t\t\t<div class=\"elementor-widget-wrap elementor-element-populated\">\n\t\t\t\t\t\t<div class=\"elementor-element elementor-element-466c4387 elementor-position-top elementor-widget elementor-widget-image-box\" data-id=\"466c4387\" data-element_type=\"widget\" data-e-type=\"widget\" data-widget_type=\"image-box.default\">\n\t\t\t\t<div class=\"elementor-widget-container\">\n\t\t\t\t\t<div class=\"elementor-image-box-wrapper\"><figure class=\"elementor-image-box-img\"><img decoding=\"async\" src=\"https:\/\/proxicar.pl\/wp-content\/uploads\/elementor\/thumbs\/Lacznik-q07ww3po1gp9525m04c6dnfifm14wsnoyacnqtsfcc.png\" title=\"\u0141\u0105cznik\" alt=\"\u0141\u0105cznik\" class=\"elementor-animation-grow\" loading=\"lazy\" \/><\/figure><div class=\"elementor-image-box-content\"><h4 class=\"elementor-image-box-title\">\u0142\u0105czniki I ko\u0144c\u00f3wki dr\u0105\u017cka<\/h4><p class=\"elementor-image-box-description\">Najcz\u0119stszym objawem zu\u017cycia \u0142\u0105cznik\u00f3w stabilizatora s\u0105 odg\u0142osy stukania, skrzypienia lub piszczenia dochodz\u0105ce z okolic k\u00f3\u0142. \u0141\u0105czniki stabilizator\u00f3w zwykle wymienia si\u0119 parami<\/p><\/div><\/div>\t\t\t\t<\/div>\n\t\t\t\t<\/div>\n\t\t\t\t\t<\/div>\n\t\t<\/div>\n\t\t\t\t<div class=\"elementor-column elementor-col-25 elementor-inner-column elementor-element elementor-element-1567da39\" data-id=\"1567da39\" data-element_type=\"column\" data-e-type=\"column\">\n\t\t\t<div class=\"elementor-widget-wrap elementor-element-populated\">\n\t\t\t\t\t\t<div class=\"elementor-element elementor-element-4b13307b elementor-position-top elementor-widget elementor-widget-image-box\" data-id=\"4b13307b\" data-element_type=\"widget\" data-e-type=\"widget\" data-widget_type=\"image-box.default\">\n\t\t\t\t<div class=\"elementor-widget-container\">\n\t\t\t\t\t<div class=\"elementor-image-box-wrapper\"><figure class=\"elementor-image-box-img\"><img decoding=\"async\" src=\"https:\/\/proxicar.pl\/wp-content\/uploads\/elementor\/thumbs\/Wahacze-q07wxrvc6uzls3q88ucat890g9smlfaiik3qgjb8a4.png\" title=\"Wahacze\" alt=\"Wahacze\" class=\"elementor-animation-grow\" loading=\"lazy\" \/><\/figure><div class=\"elementor-image-box-content\"><h4 class=\"elementor-image-box-title\">Wahacze<\/h4><p class=\"elementor-image-box-description\">Auto, kt\u00f3re jest u\u017cytkowane cz\u0119sto, intensywnie, po nier\u00f3wnych, wymagaj\u0105cych drogach, b\u0119dzie wymaga\u0142o wymiany tulei wahacza ju\u017c po kilkunastu, maksymalnie 20-30 tysi\u0119cy kilometr\u00f3w.<\/p><\/div><\/div>\t\t\t\t<\/div>\n\t\t\t\t<\/div>\n\t\t\t\t\t<\/div>\n\t\t<\/div>\n\t\t\t\t\t<\/div>\n\t\t<\/section>\n\t\t\t\t\t<\/div>\n\t\t<\/div>\n\t\t\t\t\t<\/div>\n\t\t<\/section>\n\t\t\t\t<section class=\"elementor-section elementor-top-section elementor-element elementor-element-6678bf68 elementor-section-boxed elementor-section-height-default elementor-section-height-default\" data-id=\"6678bf68\" data-element_type=\"section\" data-e-type=\"section\">\n\t\t\t\t\t\t<div class=\"elementor-container elementor-column-gap-default\">\n\t\t\t\t\t<div class=\"elementor-column elementor-col-100 elementor-top-column elementor-element elementor-element-2e8bf157\" data-id=\"2e8bf157\" data-element_type=\"column\" data-e-type=\"column\">\n\t\t\t<div class=\"elementor-widget-wrap elementor-element-populated\">\n\t\t\t\t\t\t<div class=\"elementor-element elementor-element-6cdf4be1 elementor-widget elementor-widget-spacer\" data-id=\"6cdf4be1\" data-element_type=\"widget\" data-e-type=\"widget\" data-widget_type=\"spacer.default\">\n\t\t\t\t<div class=\"elementor-widget-container\">\n\t\t\t\t\t\t\t<div class=\"elementor-spacer\">\n\t\t\t<div class=\"elementor-spacer-inner\"><\/div>\n\t\t<\/div>\n\t\t\t\t\t\t<\/div>\n\t\t\t\t<\/div>\n\t\t\t\t\t<\/div>\n\t\t<\/div>\n\t\t\t\t\t<\/div>\n\t\t<\/section>\n\t\t\t\t<\/div>\n\t\t","protected":false},"excerpt":{"rendered":"<p>Uk\u0142ad kierowniczy i zawieszenie Stan techniczny element\u00f3w zawieszenia ma decyduj\u0105cy wp\u0142yw na bezpiecze\u0144stwo jazdy. Najwi\u0119kszy wyb\u00f3r! Zadbaj o swoje bezpiecze\u0144stwo na drodze, maj\u0105c dost\u0119p do najwi\u0119kszej gamy produkt\u00f3w i cz\u0119\u015bci najwi\u0119kszych producent\u00f3w. Co u nas kupisz? Dost\u0119pna najszersza oferta cz\u0119\u015bci zawieszenia&hellip;<\/p>\n","protected":false},"author":1,"featured_media":0,"parent":0,"menu_order":0,"comment_status":"closed","ping_status":"closed","template":"elementor_header_footer","meta":{"footnotes":""},"class_list":["post-1028","page","type-page","status-publish","hentry"],"_links":{"self":[{"href":"https:\/\/proxicar.pl\/index.php\/wp-json\/wp\/v2\/pages\/1028","targetHints":{"allow":["GET"]}}],"collection":[{"href":"https:\/\/proxicar.pl\/index.php\/wp-json\/wp\/v2\/pages"}],"about":[{"href":"https:\/\/proxicar.pl\/index.php\/wp-json\/wp\/v2\/types\/page"}],"author":[{"embeddable":true,"href":"https:\/\/proxicar.pl\/index.php\/wp-json\/wp\/v2\/users\/1"}],"replies":[{"embeddable":true,"href":"https:\/\/proxicar.pl\/index.php\/wp-json\/wp\/v2\/comments?post=1028"}],"version-history":[{"count":19,"href":"https:\/\/proxicar.pl\/index.php\/wp-json\/wp\/v2\/pages\/1028\/revisions"}],"predecessor-version":[{"id":1062,"href":"https:\/\/proxicar.pl\/index.php\/wp-json\/wp\/v2\/pages\/1028\/revisions\/1062"}],"wp:attachment":[{"href":"https:\/\/proxicar.pl\/index.php\/wp-json\/wp\/v2\/media?parent=1028"}],"curies":[{"name":"wp","href":"https:\/\/api.w.org\/{rel}","templated":true}]}}